{"id":277,"date":"2021-03-25T11:40:03","date_gmt":"2021-03-25T11:40:03","guid":{"rendered":"http:\/\/migrena.pl\/lekarze\/?page_id=277"},"modified":"2025-06-18T10:10:30","modified_gmt":"2025-06-18T08:10:30","slug":"dzienniczek-pacjenta","status":"publish","type":"page","link":"https:\/\/migrena.pl\/lekarze\/dzienniczek-pacjenta\/","title":{"rendered":"Dzienniczek b\u00f3l\u00f3w g\u0142owy"},"content":{"rendered":"","protected":false},"excerpt":{"rendered":"","protected":false},"author":2,"featured_media":0,"parent":0,"menu_order":0,"comment_status":"closed","ping_status":"closed","template":"","meta":{"_acf_changed":false,"footnotes":""},"class_list":["post-277","page","type-page","status-publish","hentry"],"acf":[],"_links":{"self":[{"href":"https:\/\/migrena.pl\/lekarze\/wp-json\/wp\/v2\/pages\/277","targetHints":{"allow":["GET"]}}],"collection":[{"href":"https:\/\/migrena.pl\/lekarze\/wp-json\/wp\/v2\/pages"}],"about":[{"href":"https:\/\/migrena.pl\/lekarze\/wp-json\/wp\/v2\/types\/page"}],"author":[{"embeddable":true,"href":"https:\/\/migrena.pl\/lekarze\/wp-json\/wp\/v2\/users\/2"}],"replies":[{"embeddable":true,"href":"https:\/\/migrena.pl\/lekarze\/wp-json\/wp\/v2\/comments?post=277"}],"version-history":[{"count":17,"href":"https:\/\/migrena.pl\/lekarze\/wp-json\/wp\/v2\/pages\/277\/revisions"}],"predecessor-version":[{"id":1694,"href":"https:\/\/migrena.pl\/lekarze\/wp-json\/wp\/v2\/pages\/277\/revisions\/1694"}],"wp:attachment":[{"href":"https:\/\/migrena.pl\/lekarze\/wp-json\/wp\/v2\/media?parent=277"}],"curies":[{"name":"wp","href":"https:\/\/api.w.org\/{rel}","templated":true}]}}