{"id":226,"date":"2021-03-24T14:28:08","date_gmt":"2021-03-24T14:28:08","guid":{"rendered":"http:\/\/migrena.pl\/lekarze\/?page_id=226"},"modified":"2023-04-05T11:32:40","modified_gmt":"2023-04-05T11:32:40","slug":"przydatne-materialy","status":"publish","type":"page","link":"https:\/\/migrena.pl\/lekarze\/przydatne-materialy\/","title":{"rendered":"Przydatne materia\u0142y"},"content":{"rendered":"<div class=\"container\" style=\"width: 100%; display: flex; flex-direction: row;\">\n<div style=\"float: left;\">\n<p><img loading=\"lazy\" decoding=\"async\" width=\"251\" height=\"252\" class=\"aligncenter size-full wp-image-227\" src=\"http:\/\/migrena.pl\/lekarze\/wp-content\/uploads\/2021\/03\/material.png\" alt=\"\" srcset=\"https:\/\/migrena.pl\/lekarze\/wp-content\/uploads\/2021\/03\/material.png 251w, https:\/\/migrena.pl\/lekarze\/wp-content\/uploads\/2021\/03\/material-150x150.png 150w\" sizes=\"auto, (max-width: 251px) 100vw, 251px\" \/><\/p>\n<p style=\"text-align: center;\"><span style=\"color: #da1885;\">Charakterystyka Produktu Leczniczego AJOVY\u00ae 225 mg, roztwo\u0301r do wstrzykiwan\u0301<\/span><br \/>\n<span style=\"color: #da1885;\">w ampu\u0142ko-strzykawce<\/span><\/p>\n<\/div>\n<div style=\"float: right;\">\n<p><img loading=\"lazy\" decoding=\"async\" width=\"251\" height=\"252\" class=\"size-full wp-image-227 aligncenter\" src=\"http:\/\/migrena.pl\/lekarze\/wp-content\/uploads\/2021\/03\/material.png\" alt=\"\" srcset=\"https:\/\/migrena.pl\/lekarze\/wp-content\/uploads\/2021\/03\/material.png 251w, https:\/\/migrena.pl\/lekarze\/wp-content\/uploads\/2021\/03\/material-150x150.png 150w\" sizes=\"auto, (max-width: 251px) 100vw, 251px\" \/><\/p>\n<p style=\"text-align: center;\"><span style=\"color: #da1885;\">Ulotka do\u0142\u0105czona do opakowania: informacja dla pacjenta<\/span><br \/>\n<span style=\"color: #da1885;\">AJOVY\u00ae 225 mg, roztw\u00f3r do wstrzykiwa\u0144 w ampu\u0142ko-strzykawce,<\/span><br \/>\n<span style=\"color: #da1885;\">fremanezumab<\/span><\/p>\n<\/div>\n<\/div>\n<div>\n<div>\n<p><img loading=\"lazy\" decoding=\"async\" width=\"251\" height=\"252\" class=\"size-full wp-image-227 aligncenter\" src=\"http:\/\/migrena.pl\/lekarze\/wp-content\/uploads\/2021\/03\/material.png\" alt=\"\" srcset=\"https:\/\/migrena.pl\/lekarze\/wp-content\/uploads\/2021\/03\/material.png 251w, https:\/\/migrena.pl\/lekarze\/wp-content\/uploads\/2021\/03\/material-150x150.png 150w\" sizes=\"auto, (max-width: 251px) 100vw, 251px\" \/><\/p>\n<p style=\"text-align: center;\"><span style=\"color: #da1885;\">Instrukcja podania leku AJOVY\u00ae 225 mg, roztw\u00f3r do wstrzykiwa\u0144<\/span><br \/>\n<span style=\"color: #da1885;\">w ampu\u0142ko-strzykawce, fremanezumab<\/span><\/p>\n<\/div>\n<div style=\"text-align: center;\"><\/div>\n<\/div>\n","protected":false},"excerpt":{"rendered":"<p>Charakterystyka Produktu Leczniczego AJOVY\u00ae 225 mg, roztwo\u0301r do wstrzykiwan\u0301 w ampu\u0142ko-strzykawce Ulotka do\u0142\u0105czona do opakowania: informacja dla pacjenta AJOVY\u00ae 225 mg, roztw\u00f3r do wstrzykiwa\u0144 w ampu\u0142ko-strzykawce, fremanezumab Instrukcja podania leku AJOVY\u00ae 225 mg, roztw\u00f3r do wstrzykiwa\u0144 w ampu\u0142ko-strzykawce, fremanezumab<\/p>\n","protected":false},"author":2,"featured_media":0,"parent":0,"menu_order":0,"comment_status":"closed","ping_status":"closed","template":"","meta":{"_acf_changed":false,"footnotes":""},"class_list":["post-226","page","type-page","status-publish","hentry"],"acf":[],"_links":{"self":[{"href":"https:\/\/migrena.pl\/lekarze\/wp-json\/wp\/v2\/pages\/226","targetHints":{"allow":["GET"]}}],"collection":[{"href":"https:\/\/migrena.pl\/lekarze\/wp-json\/wp\/v2\/pages"}],"about":[{"href":"https:\/\/migrena.pl\/lekarze\/wp-json\/wp\/v2\/types\/page"}],"author":[{"embeddable":true,"href":"https:\/\/migrena.pl\/lekarze\/wp-json\/wp\/v2\/users\/2"}],"replies":[{"embeddable":true,"href":"https:\/\/migrena.pl\/lekarze\/wp-json\/wp\/v2\/comments?post=226"}],"version-history":[{"count":102,"href":"https:\/\/migrena.pl\/lekarze\/wp-json\/wp\/v2\/pages\/226\/revisions"}],"predecessor-version":[{"id":1368,"href":"https:\/\/migrena.pl\/lekarze\/wp-json\/wp\/v2\/pages\/226\/revisions\/1368"}],"wp:attachment":[{"href":"https:\/\/migrena.pl\/lekarze\/wp-json\/wp\/v2\/media?parent=226"}],"curies":[{"name":"wp","href":"https:\/\/api.w.org\/{rel}","templated":true}]}}